{"id":64,"date":"2016-11-17T10:07:41","date_gmt":"2016-11-17T10:07:41","guid":{"rendered":"http:\/\/klinkerfuss-psychotherapie.de\/?page_id=64"},"modified":"2022-07-05T10:51:14","modified_gmt":"2022-07-05T10:51:14","slug":"praxis","status":"publish","type":"page","link":"https:\/\/www.klinkerfuss-psychotherapie.de\/?page_id=64","title":{"rendered":"Anfahrt"},"content":{"rendered":"\n<p>Die Praxis liegt inmitten der Fu\u00dfg\u00e4ngerzone im Zentrum Bad Nauheims. Die hellen R\u00e4ume im ersten Obergeschoss&nbsp;befinden&nbsp;sich einerseits &#8222;mitten im Stadtleben&#8220; und&nbsp;gleichzeitig in angenehm ruhiger Atmosph\u00e4re. Die Stresemannstra\u00dfe selbst ist nicht mit dem Auto befahrbar, so dass Besucher etwas au\u00dferhalb parken m\u00fcssen. Vom Bahnhof aus ist die Praxis in 10 min. zu Fu\u00df erreichbar.<\/p>\n\n\n<div id=\"wpgmza_map_1\" class=\"wpgmza_map wpgmza-auto-left\" style=\"display:block;width:100%;height:400px;overflow:hidden;position:relative;\" data-map-id=\"1\" data-maps-engine=\"open-layers\" data-build-engine=\"atlas-novus\" data-shortcode-attributes=\"{&quot;id&quot;:&quot;1&quot;,&quot;zoom&quot;:false,&quot;width&quot;:false,&quot;height&quot;:false,&quot;marker&quot;:false,&quot;classname&quot;:false}\" data-settings=\"{&quot;map_title&quot;:&quot;klinkerfu\\u00df | Psychotherapie &amp;amp; Psychosomatik&quot;,&quot;map_width&quot;:&quot;100&quot;,&quot;map_height&quot;:&quot;400&quot;,&quot;map_start_lat&quot;:&quot;50.36449594999999&quot;,&quot;map_start_lng&quot;:&quot;8.739779685186942&quot;,&quot;map_start_location&quot;:&quot;45.950464398418106,-109.81550500000003&quot;,&quot;map_start_zoom&quot;:&quot;17&quot;,&quot;default_marker&quot;:&quot;&quot;,&quot;type&quot;:&quot;0&quot;,&quot;alignment&quot;:&quot;4&quot;,&quot;directions_enabled&quot;:&quot;0&quot;,&quot;styling_enabled&quot;:&quot;0&quot;,&quot;styling_json&quot;:&quot;&quot;,&quot;active&quot;:&quot;0&quot;,&quot;kml&quot;:&quot;&quot;,&quot;bicycle&quot;:&quot;0&quot;,&quot;traffic&quot;:&quot;0&quot;,&quot;dbox&quot;:&quot;0&quot;,&quot;dbox_width&quot;:&quot;&quot;,&quot;listmarkers&quot;:&quot;0&quot;,&quot;listmarkers_advanced&quot;:&quot;0&quot;,&quot;filterbycat&quot;:&quot;0&quot;,&quot;ugm_enabled&quot;:&quot;0&quot;,&quot;ugm_category_enabled&quot;:&quot;0&quot;,&quot;fusion&quot;:&quot;&quot;,&quot;map_width_type&quot;:&quot;%&quot;,&quot;map_height_type&quot;:&quot;px&quot;,&quot;mass_marker_support&quot;:&quot;0&quot;,&quot;ugm_access&quot;:&quot;0&quot;,&quot;order_markers_by&quot;:&quot;0&quot;,&quot;order_markers_choice&quot;:&quot;0&quot;,&quot;show_user_location&quot;:&quot;0&quot;,&quot;default_to&quot;:&quot;&quot;,&quot;map_type&quot;:1,&quot;sl_stroke_color&quot;:&quot;&quot;,&quot;sl_fill_color&quot;:&quot;&quot;,&quot;sl_stroke_opacity&quot;:&quot;&quot;,&quot;sl_fill_opacity&quot;:&quot;&quot;,&quot;transport_layer&quot;:false,&quot;action&quot;:&quot;wpgmza_save_map&quot;,&quot;redirect_to&quot;:&quot;\\\/wp-admin\\\/admin-post.php&quot;,&quot;map_id&quot;:&quot;1&quot;,&quot;wpgmza_savemap&quot;:&quot;Karte speichern&quot;,&quot;http_referer&quot;:&quot;\\\/wp-admin\\\/admin.php?page=wp-google-maps-menu&amp;amp;action=edit&amp;amp;map_id=1&quot;,&quot;wpgmza_id&quot;:&quot;1&quot;,&quot;wpgmza_start_location&quot;:&quot;50.36449594999999,8.739779685186942&quot;,&quot;wpgmza_start_zoom&quot;:&quot;17&quot;,&quot;wpgmza_map_align&quot;:&quot;1&quot;,&quot;store_locator_enabled&quot;:false,&quot;store_locator_distance&quot;:false,&quot;store_locator_search_area&quot;:&quot;radial&quot;,&quot;wpgmza_store_locator_default_radius&quot;:&quot;10&quot;,&quot;store_locator_auto_area_max_zoom&quot;:&quot;&quot;,&quot;wpgmza_store_locator_radius_style&quot;:&quot;legacy&quot;,&quot;store_locator_component_anchor&quot;:&quot;0&quot;,&quot;wpgmza_store_locator_bounce&quot;:false,&quot;wpgmza_sl_animation&quot;:null,&quot;store_locator_query_string&quot;:&quot;&quot;,&quot;store_locator_default_address&quot;:&quot;&quot;,&quot;store_locator_name_search&quot;:false,&quot;store_locator_name_string&quot;:&quot;&quot;,&quot;store_locator_not_found_message&quot;:&quot;&quot;,&quot;store_locator_show_distance&quot;:false,&quot;store_locator_category&quot;:false,&quot;wpgmza_store_locator_use_their_location&quot;:false,&quot;wpgmza_store_locator_hide_before_search&quot;:false,&quot;store_locator_nearby_searches&quot;:false,&quot;wpgmza_ol_tile_filter&quot;:&quot;none&quot;,&quot;wpgmza_theme_data&quot;:&quot;&quot;,&quot;custom_tile_enabled&quot;:false,&quot;custom_tile_image&quot;:&quot;&quot;,&quot;custom_tile_image_width&quot;:&quot;&quot;,&quot;custom_tile_image_height&quot;:&quot;&quot;,&quot;custom_tile_image_attribution&quot;:&quot;&quot;,&quot;iw_primary_color&quot;:&quot;#000000&quot;,&quot;iw_accent_color&quot;:&quot;#000000&quot;,&quot;iw_text_color&quot;:&quot;#000000&quot;,&quot;close_infowindow_on_map_click&quot;:false,&quot;marker_share_links&quot;:false,&quot;wpgmza_listmarkers_by&quot;:&quot;0&quot;,&quot;marker_listing_component_anchor&quot;:null,&quot;marker_listing_component_auto_open&quot;:false,&quot;dataTable_pagination_style&quot;:null,&quot;category_filter_component_anchor&quot;:null,&quot;zoom_level_on_marker_listing_override&quot;:false,&quot;zoom_level_on_marker_listing_click&quot;:&quot;&quot;,&quot;datatable_no_result_message&quot;:&quot;&quot;,&quot;remove_search_box_datables&quot;:false,&quot;datatable_search_string&quot;:&quot;&quot;,&quot;datatable_result_start&quot;:&quot;&quot;,&quot;datatable_result_of&quot;:&quot;&quot;,&quot;datatable_result_to&quot;:&quot;&quot;,&quot;datatable_result_total&quot;:&quot;&quot;,&quot;datatable_result_show&quot;:&quot;&quot;,&quot;datatable_result_entries&quot;:&quot;&quot;,&quot;category_legends_enabled&quot;:false,&quot;category_legends_component_anchor&quot;:null,&quot;jump_to_nearest_marker_on_initialization&quot;:false,&quot;click_open_link&quot;:false,&quot;wpgmza_zoom_on_marker_click&quot;:false,&quot;wpgmza_zoom_on_marker_click_slider&quot;:&quot;&quot;,&quot;polygon_labels&quot;:false,&quot;disable_polygon_info_windows&quot;:false,&quot;fit_maps_bounds_to_markers&quot;:false,&quot;fit_maps_bounds_to_markers_after_filtering&quot;:false,&quot;automatically_pan_to_users_location&quot;:false,&quot;override_users_location_zoom_level&quot;:false,&quot;override_users_location_zoom_levels&quot;:&quot;&quot;,&quot;show_distance_from_location&quot;:false,&quot;map_starts_in_streetview&quot;:false,&quot;map_starts_in_streetview_location&quot;:&quot;&quot;,&quot;map_starts_in_streetview_heading&quot;:&quot;&quot;,&quot;map_starts_in_streetview_pitch&quot;:&quot;&quot;,&quot;map_max_zoom&quot;:&quot;21&quot;,&quot;map_min_zoom&quot;:&quot;0&quot;,&quot;hide_point_of_interest&quot;:false,&quot;disable_lightbox_images&quot;:false,&quot;use_Raw_Jpeg_Coordinates&quot;:false,&quot;enable_marker_ratings&quot;:false,&quot;only_load_markers_within_viewport&quot;:false,&quot;id&quot;:1}\" ><\/div>\n\n\n\n<p><\/p>\n\n\n\n<p><\/p>\n\n\n\n<p>Parkh\u00e4user und Parkpl\u00e4tze sind in der n\u00e4heren Umgebung meist kostenpflichtig. Einige wenige kostenlose Parkm\u00f6glichkeiten existieren in der Ludwigstra\u00dfe, dem Ernst-Ludwig-Ring und in der Umgebung des Eleonorenrings.<\/p>\n\n\n\n<p class=\"has-text-align-left\">Hier k\u00f6nnen Sie eine <a href=\"https:\/\/www.klinkerfuss-psychotherapie.de\/wp-content\/uploads\/2017\/04\/parkplaetze-bn.jpg\" target=\"_blank\" rel=\"noopener\">\u00dcbersicht \u00fcber die Parkm\u00f6glichkeiten<\/a> aufrufen.<\/p>\n\n\n\n<h3 class=\"wp-block-heading\">Anreise mit der Bahn<\/h3>\n\n\n\n<p>Der Bahnhof Bad Nauheim ist Station des Mittelhessen-Express sowie des Regionalexpress Frankfurt &#8211; Siegen und der Z\u00fcge der Regionalbahnstrecke Friedberg &#8211; Gie\u00dfen.&nbsp;Vom Hauptbahnhof Frankfurt am Main erreicht man Bad Nauheim in ca. 30 Minuten, aus Gie\u00dfen in ca. 25 Minuten.&nbsp;<a href=\"http:\/\/www.rmv.de\/auskunft\/bin\/jp\/query.exe\/dn#focus\" target=\"_blank\" rel=\"noopener\">Fahrplanausk\u00fcnfte<\/a> k\u00f6nnen bequem \u00fcber die Internetseite des Rhein-Main-Verkehrsverbunds (RMV) eingeholt werden.<\/p>\n\n\n\n<h3 class=\"wp-block-heading\">Anreise mit dem Auto<\/h3>\n\n\n\n<p><strong>Von S\u00fcden&nbsp;kommend:&nbsp;<\/strong>Autobahn A5: Ausfahrt Nr. 16, Friedberg \/ Bad Homburg,&nbsp;dann auf der Bundesstra\u00dfe B 455 weiter Richtung Rosbach \/ Friedberg.&nbsp;Folgen Sie der Beschilderung nach Bad Nauheim. Sie gelangen dann auf die Bundesstra\u00dfe 3 und verlassen diese an der Ausfahrt Bad Nauheim &#8211; Mitte. Am Ende der Ausfahrt kommen Sie an eine Ampel. &nbsp;Biegen Sie hier nach links ab in die Schwalheimer Stra\u00dfe. &nbsp;Nach ca. 300 Metern, kurz vor den Salinen, biegen Sie in die&nbsp;zweite Stra\u00dfe nach rechts ab, in die Zanderstra\u00dfe.&nbsp;Folgen Sie der Zandersta\u00dfe und \u00fcberqueren Sie die n\u00e4chste Kreuzung geradeaus.<\/p>\n\n\n\n<p><strong>Von Norden&nbsp;kommend:&nbsp;<\/strong>Autobahn A5: Ausfahrt Nr. 13, Bad Nauheim, Butzbach S\u00fcd,&nbsp;dann auf der Bundesstra\u00dfe B 3 weiter Richtung Bad Nauheim. &nbsp;Nach ca. 8 km kommt die Ausfahrt Bad Nauheim &#8211; Mitte.&nbsp;Verlassen Sie hier die Bundesstra\u00dfe, am Ende der Ausfahrt &nbsp;kommen Sie an eine Ampel.&nbsp;Biegen Sie hier nach links ab in die Schwalheimer Stra\u00dfe. &nbsp;Nach ca. 300 Metern, kurz vor den Salinen, biegen Sie in die&nbsp;zweite Stra\u00dfe nach rechts ab in die Zanderstra\u00dfe.<\/p>\n\n\n\n<p>Wenn Sie&nbsp;am Ende der Zandersta\u00dfe (linkerhand ist die Commerzbank) nach links&nbsp;abbiegen, gelangen Sie in die Parkstra\u00dfe. Von hier aus k\u00f6nnen Sie die&nbsp;Parkh\u00e4user P1 (&#8222;Garage am Park&#8220;) oder P5 (&#8222;Kurparkplaza&#8220;) gut erreichen, in der Parkstra\u00dfe nach einem freien Parkplatz suchen oder die Parkstra\u00dfe bis zur \u00fcbern\u00e4chsten Kreuzung nach oben fahren um links in die Karlstra\u00dfe abzubiegen. Dort sind auch kostenpflichtige Parkpl\u00e4tze.<\/p>\n\n\n\n<p>Wenn Sie stattdessen am&nbsp;Ende der Zandersta\u00dfe nach rechts abbiegen, entfernen Sie sich zwar etwas von der Praxis, haben daf\u00fcr die Chance auf einen kostenfreien Parkplatz in der Ludwigstra\u00dfe.<\/p>\n\n\n\n<p>\u00dcber die Kurstra\u00dfe oder die&nbsp;Karlstra\u00dfe &nbsp;erreichen Sie die Praxis in der Stresemannstra\u00dfe zu Fu\u00df.<\/p>\n","protected":false},"excerpt":{"rendered":"<p>Die Praxis liegt inmitten der Fu\u00dfg\u00e4ngerzone im Zentrum Bad Nauheims. Die hellen R\u00e4ume im ersten Obergeschoss&nbsp;befinden&nbsp;sich einerseits &#8222;mitten im Stadtleben&#8220; und&nbsp;gleichzeitig in angenehm ruhiger Atmosph\u00e4re. Die Stresemannstra\u00dfe selbst ist nicht mit dem Auto befahrbar, so dass Besucher etwas au\u00dferhalb parken m\u00fcssen. Vom Bahnhof aus ist die Praxis in 10 min. zu Fu\u00df erreichbar. Parkh\u00e4user und Parkpl\u00e4tze sind in der n\u00e4heren Umgebung meist kostenpflichtig. Einige wenige kostenlose Parkm\u00f6glichkeiten existieren in der Ludwigstra\u00dfe, dem Ernst-Ludwig-Ring und in der Umgebung des Eleonorenrings. Hier k\u00f6nnen Sie eine \u00dcbersicht \u00fcber die Parkm\u00f6glichkeiten aufrufen. Anreise mit der Bahn Der Bahnhof Bad Nauheim ist Station des Mittelhessen-Express sowie des Regionalexpress Frankfurt &#8211; Siegen und der Z\u00fcge der Regionalbahnstrecke Friedberg &#8211; Gie\u00dfen.&nbsp;Vom Hauptbahnhof Frankfurt am Main erreicht man Bad Nauheim in ca. 30 Minuten, aus Gie\u00dfen in ca. 25 Minuten.&nbsp;Fahrplanausk\u00fcnfte k\u00f6nnen bequem \u00fcber die Internetseite des Rhein-Main-Verkehrsverbunds (RMV) eingeholt werden. Anreise mit dem Auto Von S\u00fcden&nbsp;kommend:&nbsp;Autobahn A5: Ausfahrt Nr. 16, Friedberg \/ Bad Homburg,&nbsp;dann auf der Bundesstra\u00dfe B 455 weiter Richtung Rosbach \/ Friedberg.&nbsp;Folgen Sie der Beschilderung nach Bad Nauheim. Sie gelangen dann auf die Bundesstra\u00dfe 3 und verlassen diese an der Ausfahrt Bad Nauheim &#8211; Mitte. Am Ende der Ausfahrt kommen Sie an eine Ampel. &nbsp;Biegen Sie hier nach links ab in die Schwalheimer Stra\u00dfe. &nbsp;Nach ca. 300 Metern, kurz vor den Salinen, biegen Sie in die&nbsp;zweite Stra\u00dfe nach rechts ab, in die Zanderstra\u00dfe.&nbsp;Folgen Sie der Zandersta\u00dfe und \u00fcberqueren Sie die n\u00e4chste Kreuzung geradeaus. Von Norden&nbsp;kommend:&nbsp;Autobahn A5: Ausfahrt Nr. 13, Bad Nauheim, Butzbach S\u00fcd,&nbsp;dann auf der Bundesstra\u00dfe B 3 weiter Richtung Bad Nauheim. &nbsp;Nach ca. 8 km kommt die Ausfahrt Bad Nauheim &#8211; Mitte.&nbsp;Verlassen Sie hier die Bundesstra\u00dfe, am Ende der Ausfahrt &nbsp;kommen Sie an eine Ampel.&nbsp;Biegen Sie hier nach links ab in die Schwalheimer Stra\u00dfe. &nbsp;Nach ca. 300 Metern, kurz vor den Salinen, biegen Sie in die&nbsp;zweite Stra\u00dfe nach rechts ab in die Zanderstra\u00dfe. Wenn Sie&nbsp;am Ende der Zandersta\u00dfe (linkerhand ist die Commerzbank) nach links&nbsp;abbiegen, gelangen Sie in die Parkstra\u00dfe. Von hier aus k\u00f6nnen Sie die&nbsp;Parkh\u00e4user P1 (&#8222;Garage am Park&#8220;) oder P5 (&#8222;Kurparkplaza&#8220;) gut erreichen, in der Parkstra\u00dfe nach einem freien Parkplatz suchen oder die Parkstra\u00dfe bis zur \u00fcbern\u00e4chsten Kreuzung nach oben fahren um links in die Karlstra\u00dfe abzubiegen. Dort sind auch kostenpflichtige Parkpl\u00e4tze. Wenn Sie stattdessen am&nbsp;Ende der Zandersta\u00dfe nach rechts abbiegen, entfernen Sie sich zwar etwas von der Praxis, haben daf\u00fcr die Chance auf einen kostenfreien Parkplatz in der Ludwigstra\u00dfe. \u00dcber die Kurstra\u00dfe oder die&nbsp;Karlstra\u00dfe &nbsp;erreichen Sie die Praxis in der Stresemannstra\u00dfe zu Fu\u00df.<\/p>\n","protected":false},"author":1,"featured_media":0,"parent":0,"menu_order":35,"comment_status":"closed","ping_status":"closed","template":"","meta":{"footnotes":""},"class_list":["post-64","page","type-page","status-publish","hentry"],"acf":[],"_links":{"self":[{"href":"https:\/\/www.klinkerfuss-psychotherapie.de\/index.php?rest_route=\/wp\/v2\/pages\/64","targetHints":{"allow":["GET"]}}],"collection":[{"href":"https:\/\/www.klinkerfuss-psychotherapie.de\/index.php?rest_route=\/wp\/v2\/pages"}],"about":[{"href":"https:\/\/www.klinkerfuss-psychotherapie.de\/index.php?rest_route=\/wp\/v2\/types\/page"}],"author":[{"embeddable":true,"href":"https:\/\/www.klinkerfuss-psychotherapie.de\/index.php?rest_route=\/wp\/v2\/users\/1"}],"replies":[{"embeddable":true,"href":"https:\/\/www.klinkerfuss-psychotherapie.de\/index.php?rest_route=%2Fwp%2Fv2%2Fcomments&post=64"}],"version-history":[{"count":52,"href":"https:\/\/www.klinkerfuss-psychotherapie.de\/index.php?rest_route=\/wp\/v2\/pages\/64\/revisions"}],"predecessor-version":[{"id":2453,"href":"https:\/\/www.klinkerfuss-psychotherapie.de\/index.php?rest_route=\/wp\/v2\/pages\/64\/revisions\/2453"}],"wp:attachment":[{"href":"https:\/\/www.klinkerfuss-psychotherapie.de\/index.php?rest_route=%2Fwp%2Fv2%2Fmedia&parent=64"}],"curies":[{"name":"wp","href":"https:\/\/api.w.org\/{rel}","templated":true}]}}