{"id":2,"date":"2016-05-10T03:48:21","date_gmt":"2016-05-10T03:48:21","guid":{"rendered":"http:\/\/wp452m.a10-52-158-154.qa.plesk.ru\/wordpress\/?page_id=2"},"modified":"2025-09-27T15:57:16","modified_gmt":"2025-09-27T15:57:16","slug":"willkommen","status":"publish","type":"page","link":"https:\/\/www.klinkerfuss-psychotherapie.de\/","title":{"rendered":"Willkommen!"},"content":{"rendered":"\n<p> Herzlich Willkommen auf der Website meiner psychotherapeutischen Praxis in Bad Nauheim.<\/p>\n\n\n\n<p>Ich biete<strong> systemische Kurzzeittherapie <\/strong>f\u00fcr <strong>gesetzlich Versicherte<\/strong> mit psychischen Belastungen oder psychosomatischen Beschwerden an.<\/p>\n\n\n\n<p>Hier k\u00f6nnen Sie sich \u00fcber mein therapeutisches <a href=\"https:\/\/www.klinkerfuss-psychotherapie.de\/?page_id=109\">Angebot<\/a>, meine <a href=\"https:\/\/www.klinkerfuss-psychotherapie.de\/?page_id=66\" data-type=\"page\" data-id=\"66\">Arbeitsweise<\/a>, meine <a href=\"https:\/\/www.klinkerfuss-psychotherapie.de\/?page_id=76\">Haltung,<\/a> <a href=\"https:\/\/www.klinkerfuss-psychotherapie.de\/?page_id=86\">Kontaktm\u00f6glichkeiten<\/a> sowie&nbsp;die <a href=\"https:\/\/www.klinkerfuss-psychotherapie.de\/?page_id=64\">Anfahrt<\/a> zur Praxis informieren.<br><\/p>\n","protected":false},"excerpt":{"rendered":"<p>Herzlich Willkommen auf der Website meiner psychotherapeutischen Praxis in Bad Nauheim. Ich biete systemische Kurzzeittherapie f\u00fcr gesetzlich Versicherte mit psychischen Belastungen oder psychosomatischen Beschwerden an. Hier k\u00f6nnen Sie sich \u00fcber mein therapeutisches Angebot, meine Arbeitsweise, meine Haltung, Kontaktm\u00f6glichkeiten sowie&nbsp;die Anfahrt zur Praxis informieren.<\/p>\n","protected":false},"author":1,"featured_media":0,"parent":0,"menu_order":10,"comment_status":"closed","ping_status":"closed","template":"","meta":{"footnotes":""},"class_list":["post-2","page","type-page","status-publish","hentry"],"acf":[],"_links":{"self":[{"href":"https:\/\/www.klinkerfuss-psychotherapie.de\/index.php?rest_route=\/wp\/v2\/pages\/2","targetHints":{"allow":["GET"]}}],"collection":[{"href":"https:\/\/www.klinkerfuss-psychotherapie.de\/index.php?rest_route=\/wp\/v2\/pages"}],"about":[{"href":"https:\/\/www.klinkerfuss-psychotherapie.de\/index.php?rest_route=\/wp\/v2\/types\/page"}],"author":[{"embeddable":true,"href":"https:\/\/www.klinkerfuss-psychotherapie.de\/index.php?rest_route=\/wp\/v2\/users\/1"}],"replies":[{"embeddable":true,"href":"https:\/\/www.klinkerfuss-psychotherapie.de\/index.php?rest_route=%2Fwp%2Fv2%2Fcomments&post=2"}],"version-history":[{"count":284,"href":"https:\/\/www.klinkerfuss-psychotherapie.de\/index.php?rest_route=\/wp\/v2\/pages\/2\/revisions"}],"predecessor-version":[{"id":3425,"href":"https:\/\/www.klinkerfuss-psychotherapie.de\/index.php?rest_route=\/wp\/v2\/pages\/2\/revisions\/3425"}],"wp:attachment":[{"href":"https:\/\/www.klinkerfuss-psychotherapie.de\/index.php?rest_route=%2Fwp%2Fv2%2Fmedia&parent=2"}],"curies":[{"name":"wp","href":"https:\/\/api.w.org\/{rel}","templated":true}]}}