{"id":1521,"date":"2019-07-01T16:37:31","date_gmt":"2019-07-01T16:37:31","guid":{"rendered":"http:\/\/klinkerfuss-psychotherapie.de\/?page_id=1521"},"modified":"2025-11-06T08:31:39","modified_gmt":"2025-11-06T08:31:39","slug":"zur-person","status":"publish","type":"page","link":"https:\/\/www.klinkerfuss-psychotherapie.de\/?page_id=1521","title":{"rendered":"\u00dcber mich"},"content":{"rendered":"\n<div class=\"wp-block-media-text alignwide is-stacked-on-mobile\" style=\"grid-template-columns:34% auto\"><figure class=\"wp-block-media-text__media\"><img loading=\"lazy\" decoding=\"async\" width=\"768\" height=\"1024\" src=\"https:\/\/www.klinkerfuss-psychotherapie.de\/wp-content\/uploads\/2022\/06\/klinkerfuss-portrait-2022-768x1024.jpg\" alt=\"\" class=\"wp-image-2327 size-full\" srcset=\"https:\/\/www.klinkerfuss-psychotherapie.de\/wp-content\/uploads\/2022\/06\/klinkerfuss-portrait-2022-768x1024.jpg 768w, https:\/\/www.klinkerfuss-psychotherapie.de\/wp-content\/uploads\/2022\/06\/klinkerfuss-portrait-2022-225x300.jpg 225w, https:\/\/www.klinkerfuss-psychotherapie.de\/wp-content\/uploads\/2022\/06\/klinkerfuss-portrait-2022-1152x1536.jpg 1152w, https:\/\/www.klinkerfuss-psychotherapie.de\/wp-content\/uploads\/2022\/06\/klinkerfuss-portrait-2022-1536x2048.jpg 1536w, https:\/\/www.klinkerfuss-psychotherapie.de\/wp-content\/uploads\/2022\/06\/klinkerfuss-portrait-2022-1140x1520.jpg 1140w, https:\/\/www.klinkerfuss-psychotherapie.de\/wp-content\/uploads\/2022\/06\/klinkerfuss-portrait-2022-scaled.jpg 1920w\" sizes=\"auto, (max-width: 768px) 100vw, 768px\" \/><\/figure><div class=\"wp-block-media-text__content\">\n<h3 class=\"wp-block-heading\"><br>Vita<\/h3>\n\n\n\n<p>Jahrgang 1979, Studium der Humanmedizin&nbsp;(Justus-Liebig-Universit\u00e4t Gie\u00dfen). Langj\u00e4hrige T\u00e4tigkeit als Arzt, Psychotherapeut und wissenschaftlicher Mitarbeiter in der universit\u00e4ren Psychosomatischen Medizin (<a rel=\"noreferrer noopener\" href=\"https:\/\/www.klinikum.uni-heidelberg.de\/Willkommen.1088.0.html\" target=\"_blank\">Universit\u00e4tsklinikum Heidelberg<\/a>), in der psychiatrisch-psychotherapeutischen Akutversorgung des Wetteraukreises (<a rel=\"noreferrer noopener\" href=\"https:\/\/www.gesundheitszentrum-wetterau.de\/stationaere-versorgung\/psychiatrie\" target=\"_blank\">Klinik f\u00fcr Psychiatrie und Psychotherapie Friedberg<\/a>) sowie in der Beratung von Mitarbeiter*innen und F\u00fchrungskr\u00e4ften gro\u00dfer Wirtschaftsunternehmen zu Fragen der psychischen Gesundheit, Stressmanagement und &#8222;Gesund F\u00fchren&#8220; (<a rel=\"noreferrer noopener\" href=\"https:\/\/www.insite.de\/\" target=\"_blank\">Insite-Interventions GmbH<\/a>). Seit 2017&nbsp;Niederlassung in eigener Praxis in Bad Nauheim.<\/p>\n\n\n\n<p>Privater Lebensmittelpunkt in Bad Nauheim, verheiratet, stolzer und gl\u00fccklicher Vater zweier T\u00f6chter. In der Freizeit Begeisterung f\u00fcr <a href=\"https:\/\/www.wehrheimgierok.de\/\" data-type=\"URL\" data-id=\"https:\/\/www.wehrheimgierok.de\/\" target=\"_blank\" rel=\"noreferrer noopener\">Tanzen<\/a> (Standard und Latein), Reisen, Lesen (SciFi und Fantasy) und Brettspiele. Videospiele-Nerd seit Atari 2600 und C64.<\/p>\n<\/div><\/div>\n\n\n\n<h3 class=\"wp-block-heading\"><br>Qualifikationen<\/h3>\n\n\n\n<ul class=\"wp-block-list\">\n<li>Dr. med., Facharzt f\u00fcr Psychosomatische Medizin und Psychotherapie<\/li>\n\n\n\n<li>Systemische Therapie und Beratung (SG)<\/li>\n\n\n\n<li>Klinische Hypnose (MEG)<\/li>\n\n\n\n<li>Traumatherapie mit EMDR (IT Berlin)<\/li>\n\n\n\n<li>Psychodynamisch Imaginative Traumatherapie (PITT\u00ae, Prof. Dr. L. Reddemann)<\/li>\n\n\n\n<li>Prozess- und Embodimentfokussierte Psychologie (PEP\u00ae, Dr. M. Bohne)<\/li>\n<\/ul>\n\n\n\n<h3 class=\"wp-block-heading\">Mitgliedschaften<\/h3>\n\n\n\n<ul class=\"wp-block-list\">\n<li><a href=\"https:\/\/systemische-gesellschaft.de\" target=\"_blank\" rel=\"noreferrer noopener\">Systemische Gesellschaft (SG)<\/a><\/li>\n\n\n\n<li><a href=\"https:\/\/www.meg-hypnose.de\" target=\"_blank\" rel=\"noreferrer noopener\">Milton H. Erickson Gesellschaft f\u00fcr Klinische Hypnose (MEG)<\/a><\/li>\n<\/ul>\n","protected":false},"excerpt":{"rendered":"<p>Vita Jahrgang 1979, Studium der Humanmedizin&nbsp;(Justus-Liebig-Universit\u00e4t Gie\u00dfen). Langj\u00e4hrige T\u00e4tigkeit als Arzt, Psychotherapeut und wissenschaftlicher Mitarbeiter in der universit\u00e4ren Psychosomatischen Medizin (Universit\u00e4tsklinikum Heidelberg), in der psychiatrisch-psychotherapeutischen Akutversorgung des Wetteraukreises (Klinik f\u00fcr Psychiatrie und Psychotherapie Friedberg) sowie in der Beratung von Mitarbeiter*innen und F\u00fchrungskr\u00e4ften gro\u00dfer Wirtschaftsunternehmen zu Fragen der psychischen Gesundheit, Stressmanagement und &#8222;Gesund F\u00fchren&#8220; (Insite-Interventions GmbH). Seit 2017&nbsp;Niederlassung in eigener Praxis in Bad Nauheim. Privater Lebensmittelpunkt in Bad Nauheim, verheiratet, stolzer und gl\u00fccklicher Vater zweier T\u00f6chter. In der Freizeit Begeisterung f\u00fcr Tanzen (Standard und Latein), Reisen, Lesen (SciFi und Fantasy) und Brettspiele. Videospiele-Nerd seit Atari 2600 und C64. Qualifikationen Mitgliedschaften<\/p>\n","protected":false},"author":1,"featured_media":0,"parent":0,"menu_order":32,"comment_status":"closed","ping_status":"closed","template":"","meta":{"footnotes":""},"class_list":["post-1521","page","type-page","status-publish","hentry"],"acf":[],"_links":{"self":[{"href":"https:\/\/www.klinkerfuss-psychotherapie.de\/index.php?rest_route=\/wp\/v2\/pages\/1521","targetHints":{"allow":["GET"]}}],"collection":[{"href":"https:\/\/www.klinkerfuss-psychotherapie.de\/index.php?rest_route=\/wp\/v2\/pages"}],"about":[{"href":"https:\/\/www.klinkerfuss-psychotherapie.de\/index.php?rest_route=\/wp\/v2\/types\/page"}],"author":[{"embeddable":true,"href":"https:\/\/www.klinkerfuss-psychotherapie.de\/index.php?rest_route=\/wp\/v2\/users\/1"}],"replies":[{"embeddable":true,"href":"https:\/\/www.klinkerfuss-psychotherapie.de\/index.php?rest_route=%2Fwp%2Fv2%2Fcomments&post=1521"}],"version-history":[{"count":154,"href":"https:\/\/www.klinkerfuss-psychotherapie.de\/index.php?rest_route=\/wp\/v2\/pages\/1521\/revisions"}],"predecessor-version":[{"id":3461,"href":"https:\/\/www.klinkerfuss-psychotherapie.de\/index.php?rest_route=\/wp\/v2\/pages\/1521\/revisions\/3461"}],"wp:attachment":[{"href":"https:\/\/www.klinkerfuss-psychotherapie.de\/index.php?rest_route=%2Fwp%2Fv2%2Fmedia&parent=1521"}],"curies":[{"name":"wp","href":"https:\/\/api.w.org\/{rel}","templated":true}]}}